{"id":185,"date":"2024-07-03T17:42:51","date_gmt":"2024-07-03T15:42:51","guid":{"rendered":"https:\/\/selfiebox.photo\/?page_id=185"},"modified":"2024-07-04T08:03:44","modified_gmt":"2024-07-04T06:03:44","slug":"agbs","status":"publish","type":"page","link":"https:\/\/selfiebox.photo\/?page_id=185","title":{"rendered":"AGBs"},"content":{"rendered":"\n<p>Allgemeine Gesch\u00e4ftsbedingungen von Selfiebox<\/p>\n\n\n\n<p><strong>1. Geltungsbereich<\/strong><\/p>\n\n\n\n<p>Die vorliegenden allgemeinen Gesch\u00e4ftsbedingungen regeln Abschluss, Inhalt und Abwicklung von Vertr\u00e4gen \u00fcber Dienstleistungen und Mietsachen. Sie gelten f\u00fcr alle Gesch\u00e4ftsbeziehungen zwischen Martin &amp; Tania Hess (nachfolgend Vermieter genannt) und ihren Kundinnen und Kunden, Mieterinnen und Mietern (nachfolgend Kunde genannt).<\/p>\n\n\n\n<p>Zur Geltung von Abweichungen von diesen AGB bedarf es der ausdr\u00fccklichen schriftlichen Best\u00e4tigung der Vermieter.<\/p>\n\n\n\n<p><strong>2. Offerte<\/strong><\/p>\n\n\n\n<p>Die Offerten der Vermieter erfolgen unentgeltlich, sofern in der Offertanfrage nichts anders vermerkt ist. Sie sind 30 Tage g\u00fcltig.<\/p>\n\n\n\n<p><strong>3. Vertragsabschluss<\/strong><\/p>\n\n\n\n<p>Ein Vertrag gilt dann als abgeschlossen, wenn die Auftragsbest\u00e4tigung (E-Mail) der Vermieter durch den Kunden schriftlich (auch Best\u00e4tigung per E-Mail) best\u00e4tigt wird. Erfolgt die Bestellung in Form einer Auftragsbest\u00e4tigung \/ Offerte, gilt der Unterzeichner bzw. die vom Unterzeichneten vertretene juristische Person auch als Vertragspartner und ist f\u00fcr allf\u00e4llige Anspr\u00fcche gegen\u00fcber den Vermietern vollumf\u00e4nglich haftbar. Dies gilt auch f\u00fcr den Fall, dass die Lieferadresse nicht mit derjenigen des Kunden identisch ist.<\/p>\n\n\n\n<p><strong>4. Preise<\/strong><\/p>\n\n\n\n<p>Die Preise der Vermieter f\u00fcr die Selfiebox verstehen sich netto in Schweizer Franken (MWST-frei). F\u00fcr den Kunden gelten die am Bestelldatum auf der Website ver\u00f6ffentlichten Preise.<\/p>\n\n\n\n<p><strong>5. Annullierung<\/strong><\/p>\n\n\n\n<p>Wird ein Vertrag aus irgendwelchen Gr\u00fcnden annulliert, schuldet der Kunde den Vermietern einen pauschalen Schadensersatz gem\u00e4ss folgenden Ans\u00e4tzen:<\/p>\n\n\n\n<p>Annullierung bis 25 Tage vor Vertragsbeginn: 10% des Gesamtbetrages<br>Annullierung bis 10 Tage vor Vertragsbeginn: 40% des Gesamtbetrages<br>Annullierung bis 3 Tage vor Vertragsbeginn: 70% des Gesamtbetrages<br>Sp\u00e4tere Annullierung: 100% des Gesamtbetrages<\/p>\n\n\n\n<p><strong>6. Eigentum \/ Zustand der Mietsachen \/ Art der Nutzung und Einsatzort<\/strong><\/p>\n\n\n\n<p>Die Selfiebox ist Eigentum der Vermieter. Der Schriftzug am Ger\u00e4t darf durch die Kunden oder Dritte nicht entfernt werden.<\/p>\n\n\n\n<p>Die Selfiebox wurde von den Vermietern vor der \u00dcberlassung gr\u00fcndlich gepr\u00fcft und ist in funktionst\u00fcchtigem Zustand, was der Kunde mit seiner Unterschrift anerkennt. W\u00e4hrend der Mietdauer auftretende Defekte oder Pannen sind unvorhersehbar; daher wird vom Kunden ausdr\u00fccklich auf jegliche Forderungen verzichtet. Falls eine vereinbarte Leistung der Vermieter in irgendeiner Form nicht den Erwartungen des Kunden entspricht, so ist er verpflichtet dies sofort zu melden; weitergehende Anspr\u00fcche bestehen nicht. Nachtr\u00e4gliche Beschwerden k\u00f6nnen nicht akzeptiert werden.<\/p>\n\n\n\n<p>Der Kunde ist verpflichtet, die Mietsache mit Sorgfalt zu behandeln. F\u00fcr jede mehr als normale Abnutzung ist der Kunde schadenersatzpflichtig. Nach Gebrauch ist die Mietsache vollst\u00e4ndig, ganz, sauber und in geordneter Form zu retournieren.<\/p>\n\n\n\n<p>Der Einsatzort der Selfiebox ist den Vermietern anzuzeigen. F\u00fcr Open Air Veranstaltungen m\u00fcssen die Mietsachen durch den Kunden geeignet \u00fcberdacht werden. Der Kunde hat Bedienungsanleitung und Sicherheitsvorschriften strikte einzuhalten. F\u00fcr entstehende Sch\u00e4den an Personen oder Sachen, die durch Mietsachen entstanden sind, \u00fcbernehmen die Vermieter keine Haftung.<\/p>\n\n\n\n<p><strong>7. Weitervermietung<\/strong><\/p>\n\n\n\n<p>Eine Weitervermietung an Dritte ist nicht erlaubt.<\/p>\n\n\n\n<p><strong>8. Besch\u00e4digung der Selfiebox<\/strong><\/p>\n\n\n\n<p>Defekte, M\u00e4ngel oder Verluste sind umgehend an die Vermieter zu melden. Wird die Selfiebox beschmutzt oder besch\u00e4digt, wird dem Kunden der Wiederherstellungspreis in Rechnung gestellt. Falls die Selfiebox einen Totalschaden erleiden sollte und nicht wieder repariert werden kann, wird dem Kunden ein Betrag von CHF 450.- in Rechnung gestellt.<\/p>\n\n\n\n<p><strong>9. R\u00fcckgabe der Mietsachen \/ Vorzeitige R\u00fcckgabe<\/strong><\/p>\n\n\n\n<p>Die retournierte Selfiebox wird durch die Vermieter getestet. Die Vermieter behalten sich vor, w\u00e4hrend drei Tagen nach Retournierung der Selfiebox, bei Defekt dieser, auf den Kunden Regress zu nehmen. Die allf\u00e4lligen Reparaturkosten werden dem Kunden in Rechnung gestellt.<\/p>\n\n\n\n<p><strong>10. Besondere Anforderungen<\/strong><\/p>\n\n\n\n<p>Die Selfiebox ist nicht neuwertig, kleinere Sch\u00e4den oder Verschmutzungen sind daher unvermeidbar. Besondere Anforderungen an den Zustand oder die Sauberkeit m\u00fcssen ausdr\u00fccklich vor Mietbeginn vereinbart werden.<\/p>\n\n\n\n<p><strong>11. Urheber- \/ Nutzungsrecht und Datenschutz, Datensicherung<\/strong><\/p>\n\n\n\n<p>Dem Kunden ist bekannt und er willigt darin ein, dass seine f\u00fcr die Auftragsabwicklung sowie Archivierung notwendigen pers\u00f6nlichen Daten auf Datentr\u00e4gern gespeichert werden. Er stimmt der Erhebung, Verarbeitung und Nutzung seiner personenbezogenen Daten ausdr\u00fccklich zu.<\/p>\n\n\n\n<p>Dem Kunden steht das Recht zu, seine Einwilligung jederzeit mit Wirkung f\u00fcr die Zukunft zu widerrufen. Die Vermieter verpflichten sich f\u00fcr den Fall des Widerrufes zur L\u00f6schung der pers\u00f6nlichen Daten, es sei denn, der Vertrag ist noch nicht vollst\u00e4ndig abgewickelt.<\/p>\n\n\n\n<p>Bei der Auftragserteilung wird vorausgesetzt, dass der Kunde seine Datens\u00e4tze auch \u00fcber den Zeitpunkt der Auslieferung der Arbeiten an ihn hinaus sichert. Ein Anspruch auf Sicherung der vom Kunden \u00fcbermittelten Daten durch die Vermieter besteht nicht.<\/p>\n\n\n\n<p>Die Vermieter lehnen jede Haftung f\u00fcr die Weiterverwendung der Fotografien sowie f\u00fcr daraus resultierende Sch\u00e4den ab.<\/p>\n\n\n\n<p><strong>12. Wirksamkeit \/ Gerichtsstand<\/strong><\/p>\n\n\n\n<p>Sollten einzelne Bestimmungen dieser AGB unwirksam sein oder werden, wird dadurch die Wirksamkeit der \u00fcbrigen Bestimmungen oder Vereinbarungen nicht ber\u00fchrt. S\u00e4mtliche Gesch\u00e4ftsbeziehungen unterstehen dem schweizerischen Recht. Ausschliesslicher Gerichtsstand ist Z\u00fcrich<\/p>\n\n\n\n<p>N\u00fcrensdorf, Juli 2024<\/p>\n","protected":false},"excerpt":{"rendered":"<p>Allgemeine Gesch\u00e4ftsbedingungen von Selfiebox 1. Geltungsbereich Die vorliegenden allgemeinen Gesch\u00e4ftsbedingungen regeln Abschluss, Inhalt und Abwicklung von Vertr\u00e4gen \u00fcber Dienstleistungen und Mietsachen. Sie gelten f\u00fcr alle Gesch\u00e4ftsbeziehungen zwischen Martin &amp; Tania Hess (nachfolgend Vermieter genannt) und ihren Kundinnen und Kunden, Mieterinnen und Mietern (nachfolgend Kunde genannt). Zur Geltung von Abweichungen von [&hellip;]<\/p>\n","protected":false},"author":1,"featured_media":0,"parent":0,"menu_order":0,"comment_status":"closed","ping_status":"closed","template":"","meta":{"footnotes":""},"class_list":["post-185","page","type-page","status-publish","hentry"],"_links":{"self":[{"href":"https:\/\/selfiebox.photo\/index.php?rest_route=\/wp\/v2\/pages\/185","targetHints":{"allow":["GET"]}}],"collection":[{"href":"https:\/\/selfiebox.photo\/index.php?rest_route=\/wp\/v2\/pages"}],"about":[{"href":"https:\/\/selfiebox.photo\/index.php?rest_route=\/wp\/v2\/types\/page"}],"author":[{"embeddable":true,"href":"https:\/\/selfiebox.photo\/index.php?rest_route=\/wp\/v2\/users\/1"}],"replies":[{"embeddable":true,"href":"https:\/\/selfiebox.photo\/index.php?rest_route=%2Fwp%2Fv2%2Fcomments&post=185"}],"version-history":[{"count":4,"href":"https:\/\/selfiebox.photo\/index.php?rest_route=\/wp\/v2\/pages\/185\/revisions"}],"predecessor-version":[{"id":198,"href":"https:\/\/selfiebox.photo\/index.php?rest_route=\/wp\/v2\/pages\/185\/revisions\/198"}],"wp:attachment":[{"href":"https:\/\/selfiebox.photo\/index.php?rest_route=%2Fwp%2Fv2%2Fmedia&parent=185"}],"curies":[{"name":"wp","href":"https:\/\/api.w.org\/{rel}","templated":true}]}}